{"id":48,"date":"2025-12-17T21:19:52","date_gmt":"2025-12-17T21:19:52","guid":{"rendered":"http:\/\/callmechat.org\/?page_id=48"},"modified":"2025-12-18T18:39:23","modified_gmt":"2025-12-18T16:39:23","slug":"terms","status":"publish","type":"page","link":"https:\/\/callmechat.org\/es\/terminos\/","title":{"rendered":"T\u00e9rminos"},"content":{"rendered":"<div data-elementor-type=\"wp-page\" data-elementor-id=\"48\" class=\"elementor elementor-48\" data-elementor-post-type=\"page\">\n\t\t\t\t\t\t<section class=\"elementor-section elementor-top-section elementor-element elementor-element-aa602b1 elementor-section-boxed elementor-section-height-default elementor-section-height-default\" data-id=\"aa602b1\" data-element_type=\"section\" data-e-type=\"section\">\n\t\t\t\t\t\t<div class=\"elementor-container elementor-column-gap-default\">\n\t\t\t\t\t<div class=\"elementor-column elementor-col-100 elementor-top-column elementor-element elementor-element-deb4e48\" data-id=\"deb4e48\" data-element_type=\"column\" data-e-type=\"column\">\n\t\t\t<div class=\"elementor-widget-wrap elementor-element-populated\">\n\t\t\t\t\t\t<div class=\"elementor-element elementor-element-88330ff elementor-widget elementor-widget-heading\" data-id=\"88330ff\" data-element_type=\"widget\" data-e-type=\"widget\" data-widget_type=\"heading.default\">\n\t\t\t\t<div class=\"elementor-widget-container\">\n\t\t\t\t\t<h1 class=\"elementor-heading-title elementor-size-default\">T\u00e9rminos<\/h1>\t\t\t\t<\/div>\n\t\t\t\t<\/div>\n\t\t\t\t\t<\/div>\n\t\t<\/div>\n\t\t\t\t\t<\/div>\n\t\t<\/section>\n\t\t\t\t<section class=\"elementor-section elementor-top-section elementor-element elementor-element-e61e2e0 elementor-section-boxed elementor-section-height-default elementor-section-height-default\" data-id=\"e61e2e0\" data-element_type=\"section\" data-e-type=\"section\">\n\t\t\t\t\t\t<div class=\"elementor-container elementor-column-gap-default\">\n\t\t\t\t\t<div class=\"elementor-column elementor-col-100 elementor-top-column elementor-element elementor-element-edbd578\" data-id=\"edbd578\" data-element_type=\"column\" data-e-type=\"column\">\n\t\t\t<div class=\"elementor-widget-wrap elementor-element-populated\">\n\t\t\t\t\t\t<div class=\"elementor-element elementor-element-59fb3ca elementor-widget elementor-widget-text-editor\" data-id=\"59fb3ca\" data-element_type=\"widget\" data-e-type=\"widget\" data-widget_type=\"text-editor.default\">\n\t\t\t\t<div class=\"elementor-widget-container\">\n\t\t\t\t\t\t\t\t\t<p>\u00a1Bienvenido a CallMeChat.tv! Estas Condiciones de servicio (\"Condiciones\") regulan el acceso y uso de nuestro sitio web, servicios y aplicaciones (colectivamente, los \"Servicios\"). Le rogamos que lea atentamente estas Condiciones. Al acceder o utilizar nuestros Servicios, usted acepta que quedar\u00e1 vinculado por estos T\u00e9rminos y nuestra Pol\u00edtica de Privacidad.<\/p><h3>Admisibilidad<\/h3><p>Para acceder y utilizar nuestros Servicios, debes tener al menos 13 a\u00f1os de edad. Mediante el uso de CallMeChat.tv, usted representa y garantiza que cumple con el requisito de edad y tiene la capacidad legal para entrar en estos T\u00e9rminos. Si eres menor de 13 a\u00f1os, no puedes utilizar nuestros Servicios.<\/p><h3>Conducta del usuario<\/h3><p>Usted es el \u00fanico responsable de su conducta mientras utiliza nuestros Servicios. Usted se compromete a cumplir nuestras Normas de Conducta, as\u00ed como las leyes y reglamentos locales, estatales, nacionales e internacionales aplicables. Cualquier infracci\u00f3n de estas Condiciones o de nuestras Normas de Conducta puede dar lugar a la suspensi\u00f3n o cancelaci\u00f3n de su acceso a nuestros Servicios.<\/p><h3>Contenido del usuario<\/h3><p>CallMeChat.tv puede permitir a los usuarios enviar, publicar o compartir contenido, como texto, im\u00e1genes o v\u00eddeo (\"Contenido de Usuario\"). Usted conserva la propiedad de su Contenido de Usuario, pero nos concede una licencia mundial, no exclusiva, libre de regal\u00edas, sublicenciable y transferible para usar, reproducir, distribuir, crear trabajos derivados, mostrar y ejecutar su Contenido de Usuario en relaci\u00f3n con nuestros Servicios.<\/p><p>Usted declara y garantiza que dispone de los derechos, licencias y permisos necesarios para conceder esta licencia, y que su Contenido de Usuario no infringe ning\u00fan derecho de terceros, incluidos los derechos de propiedad intelectual, los derechos de privacidad o los derechos de publicidad.<\/p><h3>Propiedad intelectual<\/h3><p>Todos los contenidos y materiales de nuestros servicios, incluyendo texto, gr\u00e1ficos, logotipos, iconos, im\u00e1genes y software, son propiedad de CallMeChat.tv o sus licenciantes y est\u00e1n protegidos por derechos de autor, marcas registradas y otras leyes de propiedad intelectual. Usted no puede reproducir, distribuir, modificar, crear trabajos derivados, mostrar p\u00fablicamente, o explotar comercialmente cualquier contenido o material en nuestros Servicios sin nuestro consentimiento previo por escrito.<\/p><h3>Exclusi\u00f3n de garant\u00edas<\/h3><p>Nuestros Servicios se proporcionan \"tal cual\" y \"seg\u00fan disponibilidad\" sin garant\u00edas de ning\u00fan tipo, ya sean expresas o impl\u00edcitas, incluyendo pero no limitado a, las garant\u00edas impl\u00edcitas de comerciabilidad, idoneidad para un prop\u00f3sito particular y no infracci\u00f3n. CallMeChat.tv no garantiza que los Servicios estar\u00e1n libres de errores, ininterrumpidos, seguros o libres de virus u otros componentes da\u00f1inos.<\/p><h3>Limitaci\u00f3n de responsabilidad<\/h3><p>En ning\u00fan caso CallMeChat.tv o sus afiliados, directores, funcionarios, empleados o agentes ser\u00e1n responsables por ning\u00fan da\u00f1o directo, indirecto, incidental, especial, consecuente o punitivo, incluyendo pero no limitado a, la p\u00e9rdida de beneficios, datos o buena voluntad, que surja de o en conexi\u00f3n con su acceso o uso de nuestros Servicios, incluso si se advierte de la posibilidad de tales da\u00f1os.<\/p><h3>Indemnizaci\u00f3n<\/h3><p>Usted acepta indemnizar, defender y mantener indemne a CallMeChat.tv y sus afiliados, directores, funcionarios, empleados y agentes de y contra cualquier y todo reclamo, responsabilidad, da\u00f1os, p\u00e9rdidas o gastos, incluyendo honorarios razonables de abogados, que surjan de o en conexi\u00f3n con su acceso o uso de nuestros Servicios o su violaci\u00f3n de estos T\u00e9rminos.<\/p><h3>Terminaci\u00f3n<\/h3><p>Nos reservamos el derecho, a nuestra entera discreci\u00f3n, de suspender o cancelar su acceso a nuestros Servicios en cualquier momento, con o sin previo aviso, por cualquier motivo, incluyendo pero no limitado a, su violaci\u00f3n de estos T\u00e9rminos o nuestras Normas de Conducta.<\/p><h3>Modificaciones de estas condiciones<\/h3><p>Podemos actualizar o modificar estas Condiciones en cualquier momento, a nuestra entera discreci\u00f3n. Le notificaremos cualquier cambio publicando<\/p><p>las Condiciones actualizadas en nuestra plataforma, junto con la fecha de la \u00faltima actualizaci\u00f3n. El uso continuado de nuestros Servicios despu\u00e9s de cualquier cambio en estos T\u00e9rminos constituye su aceptaci\u00f3n de los T\u00e9rminos actualizados.<\/p><h3>Ley aplicable y jurisdicci\u00f3n<\/h3><p>Estos T\u00e9rminos y cualquier disputa que surja de o en conexi\u00f3n con estos T\u00e9rminos o su uso de nuestros Servicios se regir\u00e1n e interpretar\u00e1n de acuerdo con las leyes de Sud\u00e1frica. Usted acepta someterse a la jurisdicci\u00f3n exclusiva de los tribunales de Sud\u00e1frica para resolver cualquier disputa que surja de o en conexi\u00f3n con estos T\u00e9rminos o su uso de nuestros Servicios.<\/p><h3>Divisibilidad<\/h3><p>Si alguna disposici\u00f3n de estas Condiciones es declarada inv\u00e1lida o inaplicable por un tribunal de jurisdicci\u00f3n competente, las restantes disposiciones de estas Condiciones permanecer\u00e1n en pleno vigor y efecto.<\/p><h3>Renuncia<\/h3><p>Ninguna renuncia a una disposici\u00f3n de estas Condiciones se considerar\u00e1 una renuncia posterior o continuada a dicha disposici\u00f3n o a cualquier otra disposici\u00f3n, y el hecho de que no hagamos valer cualquier derecho o disposici\u00f3n en virtud de estas Condiciones no constituir\u00e1 una renuncia a dicho derecho o disposici\u00f3n.<\/p><h3>Contacte con nosotros<\/h3><p>Si tiene alguna pregunta o duda sobre estas Condiciones, p\u00f3ngase en contacto con nosotros a trav\u00e9s de nuestra p\u00e1gina de contacto.<\/p>\t\t\t\t\t\t\t\t<\/div>\n\t\t\t\t<\/div>\n\t\t\t\t\t<\/div>\n\t\t<\/div>\n\t\t\t\t\t<\/div>\n\t\t<\/section>\n\t\t\t\t<\/div>","protected":false},"excerpt":{"rendered":"<p>Condiciones de uso \u00a1Bienvenido a CallMeChat.tv! Las presentes Condiciones de servicio (\"Condiciones\") regulan el acceso y el uso por parte del usuario de nuestro sitio web, nuestros servicios y nuestras aplicaciones (conjuntamente, los \"Servicios\"). Lea atentamente estas Condiciones. Al acceder o utilizar nuestros Servicios, usted acepta quedar vinculado por estas Condiciones y nuestra Pol\u00edtica de Privacidad. Elegibilidad Para acceder y utilizar nuestros Servicios, usted [...]<\/p>","protected":false},"author":1,"featured_media":0,"parent":0,"menu_order":0,"comment_status":"closed","ping_status":"closed","template":"elementor_header_footer","meta":{"footnotes":""},"class_list":["post-48","page","type-page","status-publish","hentry"],"yoast_head":"<!-- This site is optimized with the Yoast SEO plugin v25.6 - https:\/\/yoast.com\/wordpress\/plugins\/seo\/ -->\n<title>Terms - CallMeChat<\/title>\n<meta name=\"robots\" content=\"index, follow, max-snippet:-1, max-image-preview:large, max-video-preview:-1\" \/>\n<link rel=\"canonical\" href=\"https:\/\/callmechat.org\/es\/termini\/\" \/>\n<meta property=\"og:locale\" content=\"es_ES\" \/>\n<meta property=\"og:type\" content=\"article\" \/>\n<meta property=\"og:title\" content=\"Terms - CallMeChat\" \/>\n<meta property=\"og:description\" content=\"Terms Welcome to CallMeChat.tv! These Terms of Service (&#8220;Terms&#8221;) govern your access to and use of our website, services, and applications (collectively, the &#8220;Services&#8221;). Please read these Terms carefully. By accessing or using our Services, you agree to be bound by these Terms and our Privacy Policy. Eligibility To access and use our Services, you [&hellip;]\" \/>\n<meta property=\"og:url\" content=\"https:\/\/callmechat.org\/es\/termini\/\" \/>\n<meta property=\"og:site_name\" content=\"CallMeChat\" \/>\n<meta property=\"article:modified_time\" content=\"2025-12-18T16:39:23+00:00\" \/>\n<meta property=\"og:image\" content=\"https:\/\/callmechat.org\/wp-content\/uploads\/2023\/05\/64731f1e55365.jpg\" \/>\n\t<meta property=\"og:image:width\" content=\"1024\" \/>\n\t<meta property=\"og:image:height\" content=\"683\" \/>\n\t<meta property=\"og:image:type\" content=\"image\/jpeg\" \/>\n<meta name=\"twitter:card\" content=\"summary_large_image\" \/>\n<meta name=\"twitter:label1\" content=\"Tiempo de lectura\" \/>\n\t<meta name=\"twitter:data1\" content=\"4 minutos\" \/>\n<script type=\"application\/ld+json\" class=\"yoast-schema-graph\">{\"@context\":\"https:\/\/schema.org\",\"@graph\":[{\"@type\":\"WebPage\",\"@id\":\"https:\/\/callmechat.org\/it\/termini\/\",\"url\":\"https:\/\/callmechat.org\/it\/termini\/\",\"name\":\"Terms - CallMeChat\",\"isPartOf\":{\"@id\":\"https:\/\/callmechat.org\/#website\"},\"datePublished\":\"2025-12-17T21:19:52+00:00\",\"dateModified\":\"2025-12-18T16:39:23+00:00\",\"breadcrumb\":{\"@id\":\"https:\/\/callmechat.org\/it\/termini\/#breadcrumb\"},\"inLanguage\":\"es\",\"potentialAction\":[{\"@type\":\"ReadAction\",\"target\":[\"https:\/\/callmechat.org\/it\/termini\/\"]}]},{\"@type\":\"BreadcrumbList\",\"@id\":\"https:\/\/callmechat.org\/it\/termini\/#breadcrumb\",\"itemListElement\":[{\"@type\":\"ListItem\",\"position\":1,\"name\":\"Home\",\"item\":\"https:\/\/callmechat.org\/it\/\"},{\"@type\":\"ListItem\",\"position\":2,\"name\":\"Terms\"}]},{\"@type\":\"WebSite\",\"@id\":\"https:\/\/callmechat.org\/#website\",\"url\":\"https:\/\/callmechat.org\/\",\"name\":\"CallMeChat\",\"description\":\"\",\"publisher\":{\"@id\":\"https:\/\/callmechat.org\/#organization\"},\"potentialAction\":[{\"@type\":\"SearchAction\",\"target\":{\"@type\":\"EntryPoint\",\"urlTemplate\":\"https:\/\/callmechat.org\/?s={search_term_string}\"},\"query-input\":{\"@type\":\"PropertyValueSpecification\",\"valueRequired\":true,\"valueName\":\"search_term_string\"}}],\"inLanguage\":\"es\"},{\"@type\":\"Organization\",\"@id\":\"https:\/\/callmechat.org\/#organization\",\"name\":\"CallMeChat\",\"url\":\"https:\/\/callmechat.org\/\",\"logo\":{\"@type\":\"ImageObject\",\"inLanguage\":\"es\",\"@id\":\"https:\/\/callmechat.org\/#\/schema\/logo\/image\/\",\"url\":\"http:\/\/callmechat.org\/wp-content\/uploads\/2020\/04\/chats-favicon.jpg\",\"contentUrl\":\"http:\/\/callmechat.org\/wp-content\/uploads\/2020\/04\/chats-favicon.jpg\",\"width\":420,\"height\":420,\"caption\":\"CallMeChat\"},\"image\":{\"@id\":\"https:\/\/callmechat.org\/#\/schema\/logo\/image\/\"}}]}<\/script>\n<!-- \/ Yoast SEO plugin. -->","yoast_head_json":{"title":"Terms - CallMeChat","robots":{"index":"index","follow":"follow","max-snippet":"max-snippet:-1","max-image-preview":"max-image-preview:large","max-video-preview":"max-video-preview:-1"},"canonical":"https:\/\/callmechat.org\/es\/termini\/","og_locale":"es_ES","og_type":"article","og_title":"Terms - CallMeChat","og_description":"Terms Welcome to CallMeChat.tv! These Terms of Service (&#8220;Terms&#8221;) govern your access to and use of our website, services, and applications (collectively, the &#8220;Services&#8221;). Please read these Terms carefully. By accessing or using our Services, you agree to be bound by these Terms and our Privacy Policy. Eligibility To access and use our Services, you [&hellip;]","og_url":"https:\/\/callmechat.org\/es\/termini\/","og_site_name":"CallMeChat","article_modified_time":"2025-12-18T16:39:23+00:00","og_image":[{"width":1024,"height":683,"url":"https:\/\/callmechat.org\/wp-content\/uploads\/2023\/05\/64731f1e55365.jpg","type":"image\/jpeg"}],"twitter_card":"summary_large_image","twitter_misc":{"Tiempo de lectura":"4 minutos"},"schema":{"@context":"https:\/\/schema.org","@graph":[{"@type":"WebPage","@id":"https:\/\/callmechat.org\/it\/termini\/","url":"https:\/\/callmechat.org\/it\/termini\/","name":"Terms - CallMeChat","isPartOf":{"@id":"https:\/\/callmechat.org\/#website"},"datePublished":"2025-12-17T21:19:52+00:00","dateModified":"2025-12-18T16:39:23+00:00","breadcrumb":{"@id":"https:\/\/callmechat.org\/it\/termini\/#breadcrumb"},"inLanguage":"es","potentialAction":[{"@type":"ReadAction","target":["https:\/\/callmechat.org\/it\/termini\/"]}]},{"@type":"BreadcrumbList","@id":"https:\/\/callmechat.org\/it\/termini\/#breadcrumb","itemListElement":[{"@type":"ListItem","position":1,"name":"Home","item":"https:\/\/callmechat.org\/it\/"},{"@type":"ListItem","position":2,"name":"Terms"}]},{"@type":"WebSite","@id":"https:\/\/callmechat.org\/#website","url":"https:\/\/callmechat.org\/","name":"CallMeChat","description":"","publisher":{"@id":"https:\/\/callmechat.org\/#organization"},"potentialAction":[{"@type":"SearchAction","target":{"@type":"EntryPoint","urlTemplate":"https:\/\/callmechat.org\/?s={search_term_string}"},"query-input":{"@type":"PropertyValueSpecification","valueRequired":true,"valueName":"search_term_string"}}],"inLanguage":"es"},{"@type":"Organization","@id":"https:\/\/callmechat.org\/#organization","name":"CallMeChat","url":"https:\/\/callmechat.org\/","logo":{"@type":"ImageObject","inLanguage":"es","@id":"https:\/\/callmechat.org\/#\/schema\/logo\/image\/","url":"http:\/\/callmechat.org\/wp-content\/uploads\/2020\/04\/chats-favicon.jpg","contentUrl":"http:\/\/callmechat.org\/wp-content\/uploads\/2020\/04\/chats-favicon.jpg","width":420,"height":420,"caption":"CallMeChat"},"image":{"@id":"https:\/\/callmechat.org\/#\/schema\/logo\/image\/"}}]}},"_links":{"self":[{"href":"https:\/\/callmechat.org\/es\/wp-json\/wp\/v2\/pages\/48"}],"collection":[{"href":"https:\/\/callmechat.org\/es\/wp-json\/wp\/v2\/pages"}],"about":[{"href":"https:\/\/callmechat.org\/es\/wp-json\/wp\/v2\/types\/page"}],"author":[{"embeddable":true,"href":"https:\/\/callmechat.org\/es\/wp-json\/wp\/v2\/users\/1"}],"replies":[{"embeddable":true,"href":"https:\/\/callmechat.org\/es\/wp-json\/wp\/v2\/comments?post=48"}],"version-history":[{"count":10,"href":"https:\/\/callmechat.org\/es\/wp-json\/wp\/v2\/pages\/48\/revisions"}],"predecessor-version":[{"id":2032,"href":"https:\/\/callmechat.org\/es\/wp-json\/wp\/v2\/pages\/48\/revisions\/2032"}],"wp:attachment":[{"href":"https:\/\/callmechat.org\/es\/wp-json\/wp\/v2\/media?parent=48"}],"curies":[{"name":"wp","href":"https:\/\/api.w.org\/{rel}","templated":true}]}}