{"id":51,"date":"2025-12-18T08:44:15","date_gmt":"2025-12-18T08:44:15","guid":{"rendered":"http:\/\/callmechat.org\/?page_id=51"},"modified":"2025-12-18T18:39:23","modified_gmt":"2025-12-18T16:39:23","slug":"rules","status":"publish","type":"page","link":"https:\/\/callmechat.org\/it\/regole\/","title":{"rendered":"Regole"},"content":{"rendered":"<div data-elementor-type=\"wp-page\" data-elementor-id=\"51\" class=\"elementor elementor-51\" data-elementor-post-type=\"page\">\n\t\t\t\t\t\t<section class=\"elementor-section elementor-top-section elementor-element elementor-element-aa602b1 elementor-section-boxed elementor-section-height-default elementor-section-height-default\" data-id=\"aa602b1\" data-element_type=\"section\" data-e-type=\"section\">\n\t\t\t\t\t\t<div class=\"elementor-container elementor-column-gap-default\">\n\t\t\t\t\t<div class=\"elementor-column elementor-col-100 elementor-top-column elementor-element elementor-element-deb4e48\" data-id=\"deb4e48\" data-element_type=\"column\" data-e-type=\"column\">\n\t\t\t<div class=\"elementor-widget-wrap elementor-element-populated\">\n\t\t\t\t\t\t<div class=\"elementor-element elementor-element-88330ff elementor-widget elementor-widget-heading\" data-id=\"88330ff\" data-element_type=\"widget\" data-e-type=\"widget\" data-widget_type=\"heading.default\">\n\t\t\t\t<div class=\"elementor-widget-container\">\n\t\t\t\t\t<h1 class=\"elementor-heading-title elementor-size-default\">Regole<\/h1>\t\t\t\t<\/div>\n\t\t\t\t<\/div>\n\t\t\t\t\t<\/div>\n\t\t<\/div>\n\t\t\t\t\t<\/div>\n\t\t<\/section>\n\t\t\t\t<section class=\"elementor-section elementor-top-section elementor-element elementor-element-e61e2e0 elementor-section-boxed elementor-section-height-default elementor-section-height-default\" data-id=\"e61e2e0\" data-element_type=\"section\" data-e-type=\"section\">\n\t\t\t\t\t\t<div class=\"elementor-container elementor-column-gap-default\">\n\t\t\t\t\t<div class=\"elementor-column elementor-col-100 elementor-top-column elementor-element elementor-element-edbd578\" data-id=\"edbd578\" data-element_type=\"column\" data-e-type=\"column\">\n\t\t\t<div class=\"elementor-widget-wrap elementor-element-populated\">\n\t\t\t\t\t\t<div class=\"elementor-element elementor-element-59fb3ca elementor-widget elementor-widget-text-editor\" data-id=\"59fb3ca\" data-element_type=\"widget\" data-e-type=\"widget\" data-widget_type=\"text-editor.default\">\n\t\t\t\t<div class=\"elementor-widget-container\">\n\t\t\t\t\t\t\t\t\t<p>Benvenuti su CallMeChat.tv! La nostra piattaforma \u00e8 stata progettata per creare un ambiente sicuro e divertente per gli utenti che desiderano partecipare a chat video casuali con persone di tutto il mondo. Per garantire un'esperienza positiva a tutti gli utenti, abbiamo stabilito una serie di regole che delineano il comportamento e la condotta accettabili sulla nostra piattaforma. Accedendo e utilizzando CallMeChat.tv, l'utente accetta di rispettare queste regole.<\/p><h3>Siate rispettosi ed educati<\/h3><p>Trattate tutti gli utenti con rispetto e cortesia, proprio come vorreste essere trattati voi. Impegnatevi in conversazioni amichevoli e significative e astenetevi dall'usare un linguaggio offensivo, dal minacciare o dall'impegnarvi in molestie o bullismo.<\/p><h3>Nessun contenuto inappropriato<\/h3><p>La condivisione di contenuti espliciti, offensivi o altrimenti inappropriati \u00e8 severamente vietata su CallMeChat.tv. Ci\u00f2 include, ma non si limita a, nudit\u00e0, immagini o video espliciti, violenza grafica o incitamento all'odio. Gli utenti trovati a condividere tali contenuti saranno banditi dalla piattaforma.<\/p><h3>Proteggere la privacy<\/h3><p>Per la vostra sicurezza, non condividete con altri utenti informazioni personali sensibili, come nome e cognome, indirizzo, numero di telefono o dettagli finanziari. Siate prudenti quando discutete di questioni personali e ricordate che non tutti sulla piattaforma possono avere a cuore i vostri interessi.<\/p><h3>Niente spam o pubblicit\u00e0<\/h3><p>La promozione di prodotti, servizi o siti web e la condivisione di spam o messaggi non richiesti non sono consentiti su CallMeChat.tv. Gli utenti che si dedicano a tali attivit\u00e0 saranno banditi dalla piattaforma.<\/p><h3>Nessuna impersonificazione<\/h3><p>Impersonare un'altra persona, sia essa un utente o un membro dello staff di CallMeChat.tv, \u00e8 severamente vietato. Gli utenti sorpresi a impersonare altre persone saranno banditi dalla piattaforma.<\/p><h3>Limiti di et\u00e0<\/h3><p>CallMeChat.tv \u00e8 destinato agli utenti di et\u00e0 pari o superiore ai 13 anni. Gli utenti di et\u00e0 inferiore ai 13 anni non sono ammessi sulla piattaforma. Se si incontra un utente che sembra essere minorenne, si prega di segnalarlo ai nostri moderatori.<\/p><h3>Segnalare una cattiva condotta<\/h3><p>Se incontrate un utente che viola queste regole o si comporta in modo inappropriato, segnalatelo immediatamente ai nostri moderatori. Le vostre segnalazioni ci aiutano a mantenere un ambiente sicuro e piacevole per tutti gli utenti.<\/p><p>La violazione di queste regole pu\u00f2 comportare avvertimenti, ban temporanei o permanenti o altre azioni a discrezione dei moderatori e dello staff di CallMeChat.tv. Ci riserviamo il diritto di aggiornare o modificare queste regole in qualsiasi momento per mantenere la sicurezza e l'integrit\u00e0 della nostra piattaforma. L'uso continuato di CallMeChat.tv implica l'accettazione di qualsiasi modifica a queste regole.<\/p><p>Grazie per essere parte della comunit\u00e0 di CallMeChat.tv e per aver fatto la tua parte per renderla uno spazio sicuro e piacevole per tutti!<\/p>\t\t\t\t\t\t\t\t<\/div>\n\t\t\t\t<\/div>\n\t\t\t\t\t<\/div>\n\t\t<\/div>\n\t\t\t\t\t<\/div>\n\t\t<\/section>\n\t\t\t\t<\/div>","protected":false},"excerpt":{"rendered":"<p>Regole Benvenuti su CallMeChat.tv! La nostra piattaforma \u00e8 stata progettata per creare un ambiente sicuro e divertente per gli utenti che desiderano partecipare a chat video casuali con persone di tutto il mondo. Per garantire un'esperienza positiva a tutti gli utenti, abbiamo stabilito una serie di regole che delineano il comportamento e la condotta accettabili sulla nostra piattaforma. Accedendo [...]<\/p>","protected":false},"author":1,"featured_media":0,"parent":0,"menu_order":0,"comment_status":"closed","ping_status":"closed","template":"elementor_header_footer","meta":{"footnotes":""},"class_list":["post-51","page","type-page","status-publish","hentry"],"yoast_head":"<!-- This site is optimized with the Yoast SEO plugin v25.6 - https:\/\/yoast.com\/wordpress\/plugins\/seo\/ -->\n<title>Rules - CallMeChat<\/title>\n<meta name=\"robots\" content=\"index, follow, max-snippet:-1, max-image-preview:large, max-video-preview:-1\" \/>\n<link rel=\"canonical\" href=\"https:\/\/callmechat.org\/it\/regole\/\" \/>\n<meta property=\"og:locale\" content=\"it_IT\" \/>\n<meta property=\"og:type\" content=\"article\" \/>\n<meta property=\"og:title\" content=\"Rules - CallMeChat\" \/>\n<meta property=\"og:description\" content=\"Rules Welcome to CallMeChat.tv! Our platform is designed to create a safe and enjoyable environment for users to engage in random video chats with people from around the world. To ensure a positive experience for all users, we have established a set of rules that outline acceptable behavior and conduct on our platform. By accessing [&hellip;]\" \/>\n<meta property=\"og:url\" content=\"https:\/\/callmechat.org\/it\/regole\/\" \/>\n<meta property=\"og:site_name\" content=\"CallMeChat\" \/>\n<meta property=\"article:modified_time\" content=\"2025-12-18T16:39:23+00:00\" \/>\n<meta property=\"og:image\" content=\"https:\/\/callmechat.org\/wp-content\/uploads\/2023\/05\/64731f1e55365.jpg\" \/>\n\t<meta property=\"og:image:width\" content=\"1024\" \/>\n\t<meta property=\"og:image:height\" content=\"683\" \/>\n\t<meta property=\"og:image:type\" content=\"image\/jpeg\" \/>\n<meta name=\"twitter:card\" content=\"summary_large_image\" \/>\n<meta name=\"twitter:label1\" content=\"Tempo di lettura stimato\" \/>\n\t<meta name=\"twitter:data1\" content=\"2 minuti\" \/>\n<script type=\"application\/ld+json\" class=\"yoast-schema-graph\">{\"@context\":\"https:\/\/schema.org\",\"@graph\":[{\"@type\":\"WebPage\",\"@id\":\"https:\/\/callmechat.org\/it\/regole\/\",\"url\":\"https:\/\/callmechat.org\/it\/regole\/\",\"name\":\"Rules - CallMeChat\",\"isPartOf\":{\"@id\":\"https:\/\/callmechat.org\/#website\"},\"datePublished\":\"2025-12-18T08:44:15+00:00\",\"dateModified\":\"2025-12-18T16:39:23+00:00\",\"breadcrumb\":{\"@id\":\"https:\/\/callmechat.org\/it\/regole\/#breadcrumb\"},\"inLanguage\":\"it-IT\",\"potentialAction\":[{\"@type\":\"ReadAction\",\"target\":[\"https:\/\/callmechat.org\/it\/regole\/\"]}]},{\"@type\":\"BreadcrumbList\",\"@id\":\"https:\/\/callmechat.org\/it\/regole\/#breadcrumb\",\"itemListElement\":[{\"@type\":\"ListItem\",\"position\":1,\"name\":\"Home\",\"item\":\"https:\/\/callmechat.org\/it\/\"},{\"@type\":\"ListItem\",\"position\":2,\"name\":\"Rules\"}]},{\"@type\":\"WebSite\",\"@id\":\"https:\/\/callmechat.org\/#website\",\"url\":\"https:\/\/callmechat.org\/\",\"name\":\"CallMeChat\",\"description\":\"\",\"publisher\":{\"@id\":\"https:\/\/callmechat.org\/#organization\"},\"potentialAction\":[{\"@type\":\"SearchAction\",\"target\":{\"@type\":\"EntryPoint\",\"urlTemplate\":\"https:\/\/callmechat.org\/?s={search_term_string}\"},\"query-input\":{\"@type\":\"PropertyValueSpecification\",\"valueRequired\":true,\"valueName\":\"search_term_string\"}}],\"inLanguage\":\"it-IT\"},{\"@type\":\"Organization\",\"@id\":\"https:\/\/callmechat.org\/#organization\",\"name\":\"CallMeChat\",\"url\":\"https:\/\/callmechat.org\/\",\"logo\":{\"@type\":\"ImageObject\",\"inLanguage\":\"it-IT\",\"@id\":\"https:\/\/callmechat.org\/#\/schema\/logo\/image\/\",\"url\":\"http:\/\/callmechat.org\/wp-content\/uploads\/2020\/04\/chats-favicon.jpg\",\"contentUrl\":\"http:\/\/callmechat.org\/wp-content\/uploads\/2020\/04\/chats-favicon.jpg\",\"width\":420,\"height\":420,\"caption\":\"CallMeChat\"},\"image\":{\"@id\":\"https:\/\/callmechat.org\/#\/schema\/logo\/image\/\"}}]}<\/script>\n<!-- \/ Yoast SEO plugin. -->","yoast_head_json":{"title":"Rules - CallMeChat","robots":{"index":"index","follow":"follow","max-snippet":"max-snippet:-1","max-image-preview":"max-image-preview:large","max-video-preview":"max-video-preview:-1"},"canonical":"https:\/\/callmechat.org\/it\/regole\/","og_locale":"it_IT","og_type":"article","og_title":"Rules - CallMeChat","og_description":"Rules Welcome to CallMeChat.tv! Our platform is designed to create a safe and enjoyable environment for users to engage in random video chats with people from around the world. To ensure a positive experience for all users, we have established a set of rules that outline acceptable behavior and conduct on our platform. By accessing [&hellip;]","og_url":"https:\/\/callmechat.org\/it\/regole\/","og_site_name":"CallMeChat","article_modified_time":"2025-12-18T16:39:23+00:00","og_image":[{"width":1024,"height":683,"url":"https:\/\/callmechat.org\/wp-content\/uploads\/2023\/05\/64731f1e55365.jpg","type":"image\/jpeg"}],"twitter_card":"summary_large_image","twitter_misc":{"Tempo di lettura stimato":"2 minuti"},"schema":{"@context":"https:\/\/schema.org","@graph":[{"@type":"WebPage","@id":"https:\/\/callmechat.org\/it\/regole\/","url":"https:\/\/callmechat.org\/it\/regole\/","name":"Rules - CallMeChat","isPartOf":{"@id":"https:\/\/callmechat.org\/#website"},"datePublished":"2025-12-18T08:44:15+00:00","dateModified":"2025-12-18T16:39:23+00:00","breadcrumb":{"@id":"https:\/\/callmechat.org\/it\/regole\/#breadcrumb"},"inLanguage":"it-IT","potentialAction":[{"@type":"ReadAction","target":["https:\/\/callmechat.org\/it\/regole\/"]}]},{"@type":"BreadcrumbList","@id":"https:\/\/callmechat.org\/it\/regole\/#breadcrumb","itemListElement":[{"@type":"ListItem","position":1,"name":"Home","item":"https:\/\/callmechat.org\/it\/"},{"@type":"ListItem","position":2,"name":"Rules"}]},{"@type":"WebSite","@id":"https:\/\/callmechat.org\/#website","url":"https:\/\/callmechat.org\/","name":"CallMeChat","description":"","publisher":{"@id":"https:\/\/callmechat.org\/#organization"},"potentialAction":[{"@type":"SearchAction","target":{"@type":"EntryPoint","urlTemplate":"https:\/\/callmechat.org\/?s={search_term_string}"},"query-input":{"@type":"PropertyValueSpecification","valueRequired":true,"valueName":"search_term_string"}}],"inLanguage":"it-IT"},{"@type":"Organization","@id":"https:\/\/callmechat.org\/#organization","name":"CallMeChat","url":"https:\/\/callmechat.org\/","logo":{"@type":"ImageObject","inLanguage":"it-IT","@id":"https:\/\/callmechat.org\/#\/schema\/logo\/image\/","url":"http:\/\/callmechat.org\/wp-content\/uploads\/2020\/04\/chats-favicon.jpg","contentUrl":"http:\/\/callmechat.org\/wp-content\/uploads\/2020\/04\/chats-favicon.jpg","width":420,"height":420,"caption":"CallMeChat"},"image":{"@id":"https:\/\/callmechat.org\/#\/schema\/logo\/image\/"}}]}},"_links":{"self":[{"href":"https:\/\/callmechat.org\/it\/wp-json\/wp\/v2\/pages\/51"}],"collection":[{"href":"https:\/\/callmechat.org\/it\/wp-json\/wp\/v2\/pages"}],"about":[{"href":"https:\/\/callmechat.org\/it\/wp-json\/wp\/v2\/types\/page"}],"author":[{"embeddable":true,"href":"https:\/\/callmechat.org\/it\/wp-json\/wp\/v2\/users\/1"}],"replies":[{"embeddable":true,"href":"https:\/\/callmechat.org\/it\/wp-json\/wp\/v2\/comments?post=51"}],"version-history":[{"count":10,"href":"https:\/\/callmechat.org\/it\/wp-json\/wp\/v2\/pages\/51\/revisions"}],"predecessor-version":[{"id":2029,"href":"https:\/\/callmechat.org\/it\/wp-json\/wp\/v2\/pages\/51\/revisions\/2029"}],"wp:attachment":[{"href":"https:\/\/callmechat.org\/it\/wp-json\/wp\/v2\/media?parent=51"}],"curies":[{"name":"wp","href":"https:\/\/api.w.org\/{rel}","templated":true}]}}